{"id":39,"date":"2023-01-16T13:14:25","date_gmt":"2023-01-16T13:14:25","guid":{"rendered":"https:\/\/winetoursistria.com\/about-us\/"},"modified":"2024-03-04T10:08:52","modified_gmt":"2024-03-04T10:08:52","slug":"om-os","status":"publish","type":"page","link":"https:\/\/winetoursistria.com\/da\/om-os\/","title":{"rendered":"Om os"},"content":{"rendered":"<p>Vores rejse begyndte i de smukke landskaber i Slovenien, hvor <strong>vi startede som en lille, passioneret gruppe af vinentusiaster<\/strong>. I \u00e5renes l\u00f8b er vi vokset til et blomstrende vinrejsefirma, der udvider vores horisonter og deler vores k\u00e6rlighed til vin med utallige mennesker.<\/p>\n\n\n\n<p>Vi er stolte af vores ydmyge begyndelse og den v\u00e6kst, vi har oplevet, hvilket er et bevis p\u00e5 vores dedikation og kvaliteten af de oplevelser, vi leverer.<\/p>\n\n\n\n<p><strong>Vores hjerter har en s\u00e6rlig plads til Istrien<\/strong>en region, der ligger lige p\u00e5 den anden side af vores gr\u00e6nse. Istrien er et land med en rig historie, fantastiske landskaber og, vigtigst af alt, uds\u00f8gte vine. Vi f\u00f8ler os ofte tiltrukket af de b\u00f8lgende vinmarker og charmerende ving\u00e5rde, betaget af de unikke smage og historier, som hver flaske rummer.<\/p>\n\n\n\n<figure class=\"wp-block-image size-large\"><img loading=\"lazy\" decoding=\"async\" width=\"1024\" height=\"683\" src=\"https:\/\/winetoursistria.com\/wp-content\/uploads\/istria-grapes-up-close-1024x683.webp\" alt=\"Klaser af r\u00f8de druer p\u00e5 vinstokken\" class=\"wp-image-471\" srcset=\"https:\/\/winetoursistria.com\/wp-content\/uploads\/istria-grapes-up-close-1024x683.webp 1024w, https:\/\/winetoursistria.com\/wp-content\/uploads\/istria-grapes-up-close-300x200.webp 300w, https:\/\/winetoursistria.com\/wp-content\/uploads\/istria-grapes-up-close-768x512.webp 768w, https:\/\/winetoursistria.com\/wp-content\/uploads\/istria-grapes-up-close-1536x1024.webp 1536w, https:\/\/winetoursistria.com\/wp-content\/uploads\/istria-grapes-up-close-2048x1365.webp 2048w, https:\/\/winetoursistria.com\/wp-content\/uploads\/istria-grapes-up-close-18x12.webp 18w, https:\/\/winetoursistria.com\/wp-content\/uploads\/istria-grapes-up-close-scaled.webp 1920w\" sizes=\"auto, (max-width: 1024px) 100vw, 1024px\" \/><figcaption class=\"wp-element-caption\">Vi br\u00e6nder for kunsten at lave vin i Istrien<\/figcaption><\/figure>\n\n\n\n<h2 class=\"wp-block-heading\">Om vores team<\/h2>\n\n\n\n<p>Vores team er hjertet og sj\u00e6len i Wine Tours Istria. Vi er en <strong>gruppe af entusiastiske individer<\/strong>,<strong> <\/strong>Alle med et unikt perspektiv og en f\u00e6lles passion for vin. Vores teammedlemmer er mere end bare guider; de er historiefort\u00e6llere, kendere og venner.<\/p>\n\n\n\n<p>De er <strong>ivrige efter at dele ud af deres viden, erfaringer og k\u00e6rlighed til istriske vine.<\/strong> med dig. Sammen str\u00e6ber vi efter at skabe mindev\u00e6rdige oplevelser, fyldt med latter, l\u00e6ring og, selvf\u00f8lgelig, god vin.<\/p>\n\n\n\n<figure class=\"wp-block-image size-large\"><img loading=\"lazy\" decoding=\"async\" width=\"1024\" height=\"683\" src=\"https:\/\/winetoursistria.com\/wp-content\/uploads\/istria-landscape-1024x683.webp\" alt=\"Kroatien Istrien-regionens landskab. \/ Luftfoto af gr\u00f8nne marker i Istrien-regionen, ber\u00f8mte kroatiske rejsem\u00e5l.\" class=\"wp-image-467\" srcset=\"https:\/\/winetoursistria.com\/wp-content\/uploads\/istria-landscape-1024x683.webp 1024w, https:\/\/winetoursistria.com\/wp-content\/uploads\/istria-landscape-300x200.webp 300w, https:\/\/winetoursistria.com\/wp-content\/uploads\/istria-landscape-768x512.webp 768w, https:\/\/winetoursistria.com\/wp-content\/uploads\/istria-landscape-1536x1024.webp 1536w, https:\/\/winetoursistria.com\/wp-content\/uploads\/istria-landscape-2048x1365.webp 2048w, https:\/\/winetoursistria.com\/wp-content\/uploads\/istria-landscape-18x12.webp 18w, https:\/\/winetoursistria.com\/wp-content\/uploads\/istria-landscape-scaled.webp 1920w\" sizes=\"auto, (max-width: 1024px) 100vw, 1024px\" \/><figcaption class=\"wp-element-caption\">Sk\u00f8nheden i det istriske landskab<\/figcaption><\/figure>\n\n\n\n<h2 class=\"wp-block-heading\">Tag med os p\u00e5 en vinrejse<\/h2>\n\n\n\n<p>Tag med os p\u00e5 en rejse gennem Istriens vinmarker. <strong>Uanset om du er en erfaren vinentusiast eller en nysgerrig nybegynder<\/strong>Vores ture giver en unik mulighed for at udforske og nyde en verden af istriske vine.<\/p>\n\n\n\n<p>Vores vinture er mere end bare en smagsoplevelse; de er en fordybelse i hjertet af Istrien. M\u00f8d vinproducenterne, h\u00f8r deres historier, og smag frugten af deres arbejde.<\/p>\n\n\n\n<p>S\u00e5 kom og v\u00e6r med. Lad os h\u00e6ve glasset til nye oplevelser og uforglemmelige minder. Vi ser frem til at dele denne rejse med dig.<\/p>\n\n\n\n<p>Vi inviterer dig ogs\u00e5 til at udforske vores andre vinm\u00e6rker i Kroatien og Slovenien:<\/p>\n\n\n\n<ul class=\"wp-block-list\">\n<li><a href=\"https:\/\/winetastingzagreb.com\/\">Vinsmagning i Zagreb<\/a><\/li>\n\n\n\n<li><a href=\"https:\/\/winetastingljubljana.com\/\" target=\"_blank\" rel=\"noreferrer noopener\">Vinsmagning i Ljubljana<\/a><\/li>\n\n\n\n<li><a href=\"https:\/\/winetastingbled.com\/\" target=\"_blank\" rel=\"noreferrer noopener\">Vinsmagning Bled<\/a><\/li>\n\n\n\n<li><a href=\"https:\/\/wine-tours-slovenia.com\/\" target=\"_blank\" rel=\"noreferrer noopener\">Vinrejser Slovenien<\/a><\/li>\n<\/ul>","protected":false},"excerpt":{"rendered":"<p>Vores rejse begyndte i Sloveniens smukke landskaber, hvor vi startede som en lille, passioneret gruppe af vinentusiaster. I \u00e5renes l\u00f8b er vi vokset til et blomstrende vinrejsebureau, hvor vi har udvidet vores horisont og delt vores k\u00e6rlighed til vin med utallige mennesker. Vi er stolte af vores ydmyge begyndelse og den v\u00e6kst, vi har ... <a href=\"https:\/\/winetoursistria.com\/da\/om-os\/\">Fortsat<\/a><\/p>","protected":false},"author":39,"featured_media":479,"parent":0,"menu_order":0,"comment_status":"closed","ping_status":"closed","template":"template-about-us.blade.php","meta":{"_acf_changed":false,"footnotes":""},"class_list":["post-39","page","type-page","status-publish","has-post-thumbnail","hentry"],"acf":{"page_subheading":"Learn about Wine Tours Istria's origins, our enthusiastic team, and the unforgettable wine experiences we offer in the beautiful Istrian peninsula."},"_links":{"self":[{"href":"https:\/\/winetoursistria.com\/da\/wp-json\/wp\/v2\/pages\/39","targetHints":{"allow":["GET"]}}],"collection":[{"href":"https:\/\/winetoursistria.com\/da\/wp-json\/wp\/v2\/pages"}],"about":[{"href":"https:\/\/winetoursistria.com\/da\/wp-json\/wp\/v2\/types\/page"}],"author":[{"embeddable":true,"href":"https:\/\/winetoursistria.com\/da\/wp-json\/wp\/v2\/users\/39"}],"replies":[{"embeddable":true,"href":"https:\/\/winetoursistria.com\/da\/wp-json\/wp\/v2\/comments?post=39"}],"version-history":[{"count":7,"href":"https:\/\/winetoursistria.com\/da\/wp-json\/wp\/v2\/pages\/39\/revisions"}],"predecessor-version":[{"id":3655,"href":"https:\/\/winetoursistria.com\/da\/wp-json\/wp\/v2\/pages\/39\/revisions\/3655"}],"wp:featuredmedia":[{"embeddable":true,"href":"https:\/\/winetoursistria.com\/da\/wp-json\/wp\/v2\/media\/479"}],"wp:attachment":[{"href":"https:\/\/winetoursistria.com\/da\/wp-json\/wp\/v2\/media?parent=39"}],"curies":[{"name":"wp","href":"https:\/\/api.w.org\/{rel}","templated":true}]}}