{"id":39,"date":"2023-01-16T13:14:25","date_gmt":"2023-01-16T13:14:25","guid":{"rendered":"https:\/\/winetoursistria.com\/about-us\/"},"modified":"2024-03-04T10:08:52","modified_gmt":"2024-03-04T10:08:52","slug":"uber-uns","status":"publish","type":"page","link":"https:\/\/winetoursistria.com\/de\/uber-uns\/","title":{"rendered":"\u00dcber uns"},"content":{"rendered":"<p>Unsere Reise begann in den wundersch\u00f6nen Landschaften Sloweniens, wo <strong>Wir begannen als eine kleine, leidenschaftliche Gruppe von Weinliebhabern<\/strong>. Im Laufe der Jahre haben wir uns zu einem florierenden Weinreiseunternehmen entwickelt, unseren Horizont erweitert und unsere Liebe zum Wein mit unz\u00e4hligen Menschen geteilt.<\/p>\n\n\n\n<p>Wir sind stolz auf unsere bescheidenen Anf\u00e4nge und das Wachstum, das wir erfahren haben, was ein Beweis f\u00fcr unser Engagement und die Qualit\u00e4t der von uns gebotenen Erfahrungen ist.<\/p>\n\n\n\n<p><strong>Istrien hat einen besonderen Platz in unseren Herzen<\/strong>eine Region, die gleich hinter unserer Grenze liegt. Istrien ist ein Land mit reicher Geschichte, atemberaubenden Landschaften und, was am wichtigsten ist, mit exquisiten Weinen. Oft zieht es uns in die h\u00fcgeligen Weinberge und die charmanten Weing\u00fcter, die uns mit ihren einzigartigen Aromen und den Geschichten, die in jeder Flasche stecken, in ihren Bann ziehen.<\/p>\n\n\n\n<figure class=\"wp-block-image size-large\"><img loading=\"lazy\" decoding=\"async\" width=\"1024\" height=\"683\" src=\"https:\/\/winetoursistria.com\/wp-content\/uploads\/istria-grapes-up-close-1024x683.webp\" alt=\"Rote Weintrauben am Rebstock\" class=\"wp-image-471\" srcset=\"https:\/\/winetoursistria.com\/wp-content\/uploads\/istria-grapes-up-close-1024x683.webp 1024w, https:\/\/winetoursistria.com\/wp-content\/uploads\/istria-grapes-up-close-300x200.webp 300w, https:\/\/winetoursistria.com\/wp-content\/uploads\/istria-grapes-up-close-768x512.webp 768w, https:\/\/winetoursistria.com\/wp-content\/uploads\/istria-grapes-up-close-1536x1024.webp 1536w, https:\/\/winetoursistria.com\/wp-content\/uploads\/istria-grapes-up-close-2048x1365.webp 2048w, https:\/\/winetoursistria.com\/wp-content\/uploads\/istria-grapes-up-close-18x12.webp 18w, https:\/\/winetoursistria.com\/wp-content\/uploads\/istria-grapes-up-close-scaled.webp 1920w\" sizes=\"auto, (max-width: 1024px) 100vw, 1024px\" \/><figcaption class=\"wp-element-caption\">Wir sind leidenschaftlich \u00fcber die Kunst der istrischen Weinherstellung<\/figcaption><\/figure>\n\n\n\n<h2 class=\"wp-block-heading\">\u00dcber unser Team<\/h2>\n\n\n\n<p>Unser Team ist das Herz und die Seele von Wine Tours Istria. Wir sind ein <strong>Gruppe von begeisterten Menschen<\/strong>,<strong> <\/strong>jeder mit einer einzigartigen Perspektive und einer gemeinsamen Leidenschaft f\u00fcr Wein. Unsere Teammitglieder sind mehr als nur Reiseleiter; sie sind Geschichtenerz\u00e4hler, Kenner und Freunde.<\/p>\n\n\n\n<p>Sie sind <strong>die ihr Wissen, ihre Erfahrungen und ihre Liebe zu den istrischen Weinen gerne weitergeben<\/strong> mit Ihnen. Gemeinsam bem\u00fchen wir uns, unvergessliche Erlebnisse zu schaffen, die mit Lachen, Lernen und nat\u00fcrlich mit gutem Wein gef\u00fcllt sind.<\/p>\n\n\n\n<figure class=\"wp-block-image size-large\"><img loading=\"lazy\" decoding=\"async\" width=\"1024\" height=\"683\" src=\"https:\/\/winetoursistria.com\/wp-content\/uploads\/istria-landscape-1024x683.webp\" alt=\"Kroatien Region Istrien Landschaft. \/ Luftaufnahme auf gr\u00fcnen Feldern in Istrien Region, ber\u00fchmte kroatische Reise Orte.\" class=\"wp-image-467\" srcset=\"https:\/\/winetoursistria.com\/wp-content\/uploads\/istria-landscape-1024x683.webp 1024w, https:\/\/winetoursistria.com\/wp-content\/uploads\/istria-landscape-300x200.webp 300w, https:\/\/winetoursistria.com\/wp-content\/uploads\/istria-landscape-768x512.webp 768w, https:\/\/winetoursistria.com\/wp-content\/uploads\/istria-landscape-1536x1024.webp 1536w, https:\/\/winetoursistria.com\/wp-content\/uploads\/istria-landscape-2048x1365.webp 2048w, https:\/\/winetoursistria.com\/wp-content\/uploads\/istria-landscape-18x12.webp 18w, https:\/\/winetoursistria.com\/wp-content\/uploads\/istria-landscape-scaled.webp 1920w\" sizes=\"auto, (max-width: 1024px) 100vw, 1024px\" \/><figcaption class=\"wp-element-caption\">Die Sch\u00f6nheit der istrischen Landschaft<\/figcaption><\/figure>\n\n\n\n<h2 class=\"wp-block-heading\">Begleiten Sie uns auf eine Weintour<\/h2>\n\n\n\n<p>Begeben Sie sich mit uns auf eine Reise durch die Weinberge von Istrien. <strong>Ob Sie ein erfahrener Weinliebhaber oder ein neugieriger Anf\u00e4nger sind<\/strong>Unsere Touren bieten eine einzigartige Gelegenheit, die Welt der istrischen Weine zu erkunden und zu genie\u00dfen.<\/p>\n\n\n\n<p>Unsere Weintouren sind mehr als nur eine Verkostung; sie sind ein Eintauchen in das Herz Istriens. Lernen Sie die Winzer kennen, h\u00f6ren Sie ihre Geschichten und probieren Sie die Fr\u00fcchte ihrer Arbeit.<\/p>\n\n\n\n<p>Also, kommen Sie und schlie\u00dfen Sie sich uns an. Lasst uns das Glas auf neue Erfahrungen und unvergessliche Erinnerungen erheben. Wir freuen uns darauf, diese Reise mit Ihnen zu teilen.<\/p>\n\n\n\n<p>Wir laden Sie auch dazu ein, unsere anderen Weinmarken in Kroatien und Slowenien zu entdecken:<\/p>\n\n\n\n<ul class=\"wp-block-list\">\n<li><a href=\"https:\/\/winetastingzagreb.com\/\">Weinverkostung Zagreb<\/a><\/li>\n\n\n\n<li><a href=\"https:\/\/winetastingljubljana.com\/\" target=\"_blank\" rel=\"noreferrer noopener\">Weinverkostung Ljubljana<\/a><\/li>\n\n\n\n<li><a href=\"https:\/\/winetastingbled.com\/\" target=\"_blank\" rel=\"noreferrer noopener\">Weinverkostung Bled<\/a><\/li>\n\n\n\n<li><a href=\"https:\/\/wine-tours-slovenia.com\/\" target=\"_blank\" rel=\"noreferrer noopener\">Weinreisen Slowenien<\/a><\/li>\n<\/ul>","protected":false},"excerpt":{"rendered":"<p>Unsere Reise begann in den wundersch\u00f6nen Landschaften Sloweniens, wo wir als eine kleine, leidenschaftliche Gruppe von Weinliebhabern anfingen. Im Laufe der Jahre haben wir uns zu einem florierenden Weinreiseunternehmen entwickelt, unseren Horizont erweitert und unsere Liebe zum Wein mit unz\u00e4hligen Menschen geteilt. Wir sind stolz auf unsere bescheidenen Anf\u00e4nge und das Wachstum, das wir ... <a href=\"https:\/\/winetoursistria.com\/de\/uber-uns\/\">Fortsetzung<\/a><\/p>","protected":false},"author":39,"featured_media":479,"parent":0,"menu_order":0,"comment_status":"closed","ping_status":"closed","template":"template-about-us.blade.php","meta":{"_acf_changed":false,"footnotes":""},"class_list":["post-39","page","type-page","status-publish","has-post-thumbnail","hentry"],"acf":{"page_subheading":"Learn about Wine Tours Istria's origins, our enthusiastic team, and the unforgettable wine experiences we offer in the beautiful Istrian peninsula."},"_links":{"self":[{"href":"https:\/\/winetoursistria.com\/de\/wp-json\/wp\/v2\/pages\/39","targetHints":{"allow":["GET"]}}],"collection":[{"href":"https:\/\/winetoursistria.com\/de\/wp-json\/wp\/v2\/pages"}],"about":[{"href":"https:\/\/winetoursistria.com\/de\/wp-json\/wp\/v2\/types\/page"}],"author":[{"embeddable":true,"href":"https:\/\/winetoursistria.com\/de\/wp-json\/wp\/v2\/users\/39"}],"replies":[{"embeddable":true,"href":"https:\/\/winetoursistria.com\/de\/wp-json\/wp\/v2\/comments?post=39"}],"version-history":[{"count":7,"href":"https:\/\/winetoursistria.com\/de\/wp-json\/wp\/v2\/pages\/39\/revisions"}],"predecessor-version":[{"id":3655,"href":"https:\/\/winetoursistria.com\/de\/wp-json\/wp\/v2\/pages\/39\/revisions\/3655"}],"wp:featuredmedia":[{"embeddable":true,"href":"https:\/\/winetoursistria.com\/de\/wp-json\/wp\/v2\/media\/479"}],"wp:attachment":[{"href":"https:\/\/winetoursistria.com\/de\/wp-json\/wp\/v2\/media?parent=39"}],"curies":[{"name":"wp","href":"https:\/\/api.w.org\/{rel}","templated":true}]}}