{"id":39,"date":"2023-01-16T13:14:25","date_gmt":"2023-01-16T13:14:25","guid":{"rendered":"https:\/\/winetoursistria.com\/about-us\/"},"modified":"2024-03-04T10:08:52","modified_gmt":"2024-03-04T10:08:52","slug":"a-propos-de-nous","status":"publish","type":"page","link":"https:\/\/winetoursistria.com\/fr\/a-propos-de-nous\/","title":{"rendered":"\u00c0 propos de nous"},"content":{"rendered":"<p>Notre voyage a commenc\u00e9 dans les magnifiques paysages de la Slov\u00e9nie, o\u00f9 <strong>Nous sommes n\u00e9s d'un petit groupe de passionn\u00e9s de vin.<\/strong>. Au fil des ans, nous sommes devenus une entreprise florissante de tourisme viticole, \u00e9largissant nos horizons et partageant notre amour du vin avec d'innombrables personnes.<\/p>\n\n\n\n<p>Nous sommes fiers de nos modestes d\u00e9buts et de la croissance que nous avons connue, qui t\u00e9moigne de notre d\u00e9vouement et de la qualit\u00e9 des exp\u00e9riences que nous offrons.<\/p>\n\n\n\n<p><strong>L'Istrie occupe une place particuli\u00e8re dans nos c\u0153urs<\/strong>L'Istrie est une r\u00e9gion qui se trouve juste de l'autre c\u00f4t\u00e9 de notre fronti\u00e8re. L'Istrie est une terre d'histoire riche, de paysages \u00e9poustouflants et, surtout, de vins exquis. Nous sommes souvent attir\u00e9s par ses vignobles vallonn\u00e9s et ses charmantes caves, captiv\u00e9s par les saveurs et les histoires uniques que renferme chaque bouteille.<\/p>\n\n\n\n<figure class=\"wp-block-image size-large\"><img loading=\"lazy\" decoding=\"async\" width=\"1024\" height=\"683\" src=\"https:\/\/winetoursistria.com\/wp-content\/uploads\/istria-grapes-up-close-1024x683.webp\" alt=\"Grappes de raisin rouge sur la vigne\" class=\"wp-image-471\" srcset=\"https:\/\/winetoursistria.com\/wp-content\/uploads\/istria-grapes-up-close-1024x683.webp 1024w, https:\/\/winetoursistria.com\/wp-content\/uploads\/istria-grapes-up-close-300x200.webp 300w, https:\/\/winetoursistria.com\/wp-content\/uploads\/istria-grapes-up-close-768x512.webp 768w, https:\/\/winetoursistria.com\/wp-content\/uploads\/istria-grapes-up-close-1536x1024.webp 1536w, https:\/\/winetoursistria.com\/wp-content\/uploads\/istria-grapes-up-close-2048x1365.webp 2048w, https:\/\/winetoursistria.com\/wp-content\/uploads\/istria-grapes-up-close-18x12.webp 18w, https:\/\/winetoursistria.com\/wp-content\/uploads\/istria-grapes-up-close-scaled.webp 1920w\" sizes=\"auto, (max-width: 1024px) 100vw, 1024px\" \/><figcaption class=\"wp-element-caption\">Nous sommes passionn\u00e9s par l'art de la vinification en Istrie.<\/figcaption><\/figure>\n\n\n\n<h2 class=\"wp-block-heading\">Notre \u00e9quipe<\/h2>\n\n\n\n<p>Notre \u00e9quipe est le c\u0153ur et l'\u00e2me de Wine Tours Istria. Nous sommes une <strong>groupe de personnes enthousiastes<\/strong>,<strong> <\/strong>chacun avec une perspective unique et une passion commune pour le vin. Les membres de notre \u00e9quipe sont plus que de simples guides, ce sont des conteurs, des connaisseurs et des amis.<\/p>\n\n\n\n<p>Ils sont <strong>d\u00e9sireux de partager leurs connaissances, leurs exp\u00e9riences et leur amour des vins istriens<\/strong> avec vous. Ensemble, nous nous effor\u00e7ons de cr\u00e9er des exp\u00e9riences m\u00e9morables, remplies de rires, d'apprentissage et, bien s\u00fbr, de bons vins.<\/p>\n\n\n\n<figure class=\"wp-block-image size-large\"><img loading=\"lazy\" decoding=\"async\" width=\"1024\" height=\"683\" src=\"https:\/\/winetoursistria.com\/wp-content\/uploads\/istria-landscape-1024x683.webp\" alt=\"Paysage de la r\u00e9gion d&#039;Istrie en Croatie. \/ Vue a\u00e9rienne sur les champs verts de la r\u00e9gion d&#039;Istrie, c\u00e9l\u00e8bres lieux de voyage croates.\" class=\"wp-image-467\" srcset=\"https:\/\/winetoursistria.com\/wp-content\/uploads\/istria-landscape-1024x683.webp 1024w, https:\/\/winetoursistria.com\/wp-content\/uploads\/istria-landscape-300x200.webp 300w, https:\/\/winetoursistria.com\/wp-content\/uploads\/istria-landscape-768x512.webp 768w, https:\/\/winetoursistria.com\/wp-content\/uploads\/istria-landscape-1536x1024.webp 1536w, https:\/\/winetoursistria.com\/wp-content\/uploads\/istria-landscape-2048x1365.webp 2048w, https:\/\/winetoursistria.com\/wp-content\/uploads\/istria-landscape-18x12.webp 18w, https:\/\/winetoursistria.com\/wp-content\/uploads\/istria-landscape-scaled.webp 1920w\" sizes=\"auto, (max-width: 1024px) 100vw, 1024px\" \/><figcaption class=\"wp-element-caption\">La beaut\u00e9 du paysage istrien<\/figcaption><\/figure>\n\n\n\n<h2 class=\"wp-block-heading\">Rejoignez-nous pour une visite guid\u00e9e du vin<\/h2>\n\n\n\n<p>Embarquez avec nous pour un voyage \u00e0 travers les vignobles d'Istrie. <strong>Que vous soyez un amateur de vin chevronn\u00e9 ou un d\u00e9butant curieux<\/strong>Nos visites offrent une occasion unique d'explorer le monde des vins d'Istrie et de s'y plonger.<\/p>\n\n\n\n<p>Nos circuits \u0153nologiques sont plus qu'une simple exp\u00e9rience de d\u00e9gustation, c'est une immersion au c\u0153ur de l'Istrie. Rencontrez les vignerons, \u00e9coutez leurs histoires et go\u00fbtez les fruits de leur travail.<\/p>\n\n\n\n<p>Alors, venez nous rejoindre. Levons notre verre \u00e0 de nouvelles exp\u00e9riences et \u00e0 des souvenirs inoubliables. Nous nous r\u00e9jouissons de partager ce voyage avec vous.<\/p>\n\n\n\n<p>Nous vous invitons \u00e9galement \u00e0 d\u00e9couvrir nos autres marques de vin en Croatie et en Slov\u00e9nie :<\/p>\n\n\n\n<ul class=\"wp-block-list\">\n<li><a href=\"https:\/\/winetastingzagreb.com\/\">D\u00e9gustation de vin \u00e0 Zagreb<\/a><\/li>\n\n\n\n<li><a href=\"https:\/\/winetastingljubljana.com\/\" target=\"_blank\" rel=\"noreferrer noopener\">D\u00e9gustation de vin \u00e0 Ljubljana<\/a><\/li>\n\n\n\n<li><a href=\"https:\/\/winetastingbled.com\/\" target=\"_blank\" rel=\"noreferrer noopener\">D\u00e9gustation de vin<\/a><\/li>\n\n\n\n<li><a href=\"https:\/\/wine-tours-slovenia.com\/\" target=\"_blank\" rel=\"noreferrer noopener\">Wine Tours Slov\u00e9nie<\/a><\/li>\n<\/ul>","protected":false},"excerpt":{"rendered":"<p>Notre voyage a commenc\u00e9 dans les magnifiques paysages de Slov\u00e9nie, o\u00f9 nous avons d\u00e9but\u00e9 en tant que petit groupe passionn\u00e9 de vin. Au fil des ans, nous sommes devenus une entreprise florissante de tourisme viticole, \u00e9largissant nos horizons et partageant notre amour du vin avec d'innombrables personnes. Nous sommes fiers de nos modestes d\u00e9buts et de la croissance que nous avons ... <a href=\"https:\/\/winetoursistria.com\/fr\/a-propos-de-nous\/\">Suite<\/a><\/p>","protected":false},"author":39,"featured_media":479,"parent":0,"menu_order":0,"comment_status":"closed","ping_status":"closed","template":"template-about-us.blade.php","meta":{"_acf_changed":false,"footnotes":""},"class_list":["post-39","page","type-page","status-publish","has-post-thumbnail","hentry"],"acf":{"page_subheading":"Learn about Wine Tours Istria's origins, our enthusiastic team, and the unforgettable wine experiences we offer in the beautiful Istrian peninsula."},"_links":{"self":[{"href":"https:\/\/winetoursistria.com\/fr\/wp-json\/wp\/v2\/pages\/39","targetHints":{"allow":["GET"]}}],"collection":[{"href":"https:\/\/winetoursistria.com\/fr\/wp-json\/wp\/v2\/pages"}],"about":[{"href":"https:\/\/winetoursistria.com\/fr\/wp-json\/wp\/v2\/types\/page"}],"author":[{"embeddable":true,"href":"https:\/\/winetoursistria.com\/fr\/wp-json\/wp\/v2\/users\/39"}],"replies":[{"embeddable":true,"href":"https:\/\/winetoursistria.com\/fr\/wp-json\/wp\/v2\/comments?post=39"}],"version-history":[{"count":7,"href":"https:\/\/winetoursistria.com\/fr\/wp-json\/wp\/v2\/pages\/39\/revisions"}],"predecessor-version":[{"id":3655,"href":"https:\/\/winetoursistria.com\/fr\/wp-json\/wp\/v2\/pages\/39\/revisions\/3655"}],"wp:featuredmedia":[{"embeddable":true,"href":"https:\/\/winetoursistria.com\/fr\/wp-json\/wp\/v2\/media\/479"}],"wp:attachment":[{"href":"https:\/\/winetoursistria.com\/fr\/wp-json\/wp\/v2\/media?parent=39"}],"curies":[{"name":"wp","href":"https:\/\/api.w.org\/{rel}","templated":true}]}}