{"id":39,"date":"2023-01-16T13:14:25","date_gmt":"2023-01-16T13:14:25","guid":{"rendered":"https:\/\/winetoursistria.com\/about-us\/"},"modified":"2024-03-04T10:08:52","modified_gmt":"2024-03-04T10:08:52","slug":"o-nas","status":"publish","type":"page","link":"https:\/\/winetoursistria.com\/sl\/o-nas\/","title":{"rendered":"O nas"},"content":{"rendered":"<p>Na\u0161e potovanje se je za\u010delo v \u010dudoviti pokrajini Slovenije, kjer <strong>za\u010deli smo kot majhna, strastna skupina vinskih navdu\u0161encev<\/strong>. Z leti smo se razvili v uspe\u0161no podjetje za vinske ture, ki \u0161iri svoja obzorja in deli svojo ljubezen do vina z ne\u0161tetimi posamezniki.<\/p>\n\n\n\n<p>Ponosni smo na svoje skromne za\u010detke in rast, ki smo jo do\u017eiveli, kar je dokaz na\u0161e predanosti in kakovosti izku\u0161enj, ki jih zagotavljamo.<\/p>\n\n\n\n<p><strong>V na\u0161ih srcih je posebno mesto za Istro<\/strong>, ki le\u017ei tik ob na\u0161i meji. Istra je de\u017eela bogate zgodovine, osupljive pokrajine in, kar je najpomembnej\u0161e, izvrstnih vin. Pogosto se znajdemo v njenih razgibanih vinogradih in o\u010darljivih kleteh, kjer nas o\u010darajo edinstveni okusi in zgodbe, ki jih skriva vsaka steklenica.<\/p>\n\n\n\n<figure class=\"wp-block-image size-large\"><img loading=\"lazy\" decoding=\"async\" width=\"1024\" height=\"683\" src=\"https:\/\/winetoursistria.com\/wp-content\/uploads\/istria-grapes-up-close-1024x683.webp\" alt=\"Grozdi rde\u010dega grozdja na trti\" class=\"wp-image-471\" srcset=\"https:\/\/winetoursistria.com\/wp-content\/uploads\/istria-grapes-up-close-1024x683.webp 1024w, https:\/\/winetoursistria.com\/wp-content\/uploads\/istria-grapes-up-close-300x200.webp 300w, https:\/\/winetoursistria.com\/wp-content\/uploads\/istria-grapes-up-close-768x512.webp 768w, https:\/\/winetoursistria.com\/wp-content\/uploads\/istria-grapes-up-close-1536x1024.webp 1536w, https:\/\/winetoursistria.com\/wp-content\/uploads\/istria-grapes-up-close-2048x1365.webp 2048w, https:\/\/winetoursistria.com\/wp-content\/uploads\/istria-grapes-up-close-18x12.webp 18w, https:\/\/winetoursistria.com\/wp-content\/uploads\/istria-grapes-up-close-scaled.webp 1920w\" sizes=\"auto, (max-width: 1024px) 100vw, 1024px\" \/><figcaption class=\"wp-element-caption\">Strastno se ukvarjamo z umetnostjo istrskega vinarstva<\/figcaption><\/figure>\n\n\n\n<h2 class=\"wp-block-heading\">O na\u0161i ekipi<\/h2>\n\n\n\n<p>Na\u0161a ekipa je srce in du\u0161a Wine Tours Istra. Smo <strong>skupina navdu\u0161enih posameznikov<\/strong>,<strong> <\/strong>vsak z edinstvenim pogledom in skupno strastjo do vina. \u010clani na\u0161e ekipe so ve\u010d kot le vodniki, so pripovedovalci zgodb, poznavalci in prijatelji.<\/p>\n\n\n\n<p>To so <strong>\u017eeljni deliti svoje znanje, izku\u0161nje in ljubezen do istrskih vin.<\/strong> z vami. Skupaj si prizadevamo ustvariti nepozabna do\u017eivetja, polna smeha, u\u010denja in seveda odli\u010dnega vina.<\/p>\n\n\n\n<figure class=\"wp-block-image size-large\"><img loading=\"lazy\" decoding=\"async\" width=\"1024\" height=\"683\" src=\"https:\/\/winetoursistria.com\/wp-content\/uploads\/istria-landscape-1024x683.webp\" alt=\"Hrva\u0161ka pokrajina Istra. \/ Pogled iz zraka na zelena polja v Istri, znanih hrva\u0161kih krajih.\" class=\"wp-image-467\" srcset=\"https:\/\/winetoursistria.com\/wp-content\/uploads\/istria-landscape-1024x683.webp 1024w, https:\/\/winetoursistria.com\/wp-content\/uploads\/istria-landscape-300x200.webp 300w, https:\/\/winetoursistria.com\/wp-content\/uploads\/istria-landscape-768x512.webp 768w, https:\/\/winetoursistria.com\/wp-content\/uploads\/istria-landscape-1536x1024.webp 1536w, https:\/\/winetoursistria.com\/wp-content\/uploads\/istria-landscape-2048x1365.webp 2048w, https:\/\/winetoursistria.com\/wp-content\/uploads\/istria-landscape-18x12.webp 18w, https:\/\/winetoursistria.com\/wp-content\/uploads\/istria-landscape-scaled.webp 1920w\" sizes=\"auto, (max-width: 1024px) 100vw, 1024px\" \/><figcaption class=\"wp-element-caption\">Lepota istrske pokrajine<\/figcaption><\/figure>\n\n\n\n<h2 class=\"wp-block-heading\">Pridru\u017eite se nam na vinskem izletu<\/h2>\n\n\n\n<p>Z nami se odpravite na potovanje po vinogradih Istre. <strong>Ne glede na to, ali ste izku\u0161en vinski navdu\u0161enec ali radoveden za\u010detnik.<\/strong>, na\u0161i izleti so edinstvena prilo\u017enost za raziskovanje in u\u017eivanje v svetu istrskih vin.<\/p>\n\n\n\n<p>Na\u0161i vinski izleti so ve\u010d kot le degustacijsko do\u017eivetje, so potopitev v srce Istre. Spoznajte vinarje, prisluhnite njihovim zgodbam in poskusite sadove njihovega dela.<\/p>\n\n\n\n<p>Pridru\u017eite se nam. Dvignimo kozarec za nova do\u017eivetja in nepozabne spomine. Veselimo se, da bomo to potovanje delili z vami.<\/p>\n\n\n\n<p>Vabimo vas, da razi\u0161\u010dete tudi na\u0161e druge vinske blagovne znamke na Hrva\u0161kem in v Sloveniji:<\/p>\n\n\n\n<ul class=\"wp-block-list\">\n<li><a href=\"https:\/\/winetastingzagreb.com\/\">Degustacija vin Zagreb<\/a><\/li>\n\n\n\n<li><a href=\"https:\/\/winetastingljubljana.com\/\" target=\"_blank\" rel=\"noreferrer noopener\">Degustacija vin Ljubljana<\/a><\/li>\n\n\n\n<li><a href=\"https:\/\/winetastingbled.com\/\" target=\"_blank\" rel=\"noreferrer noopener\">Degustacija vina Bled<\/a><\/li>\n\n\n\n<li><a href=\"https:\/\/wine-tours-slovenia.com\/\" target=\"_blank\" rel=\"noreferrer noopener\">Vinski izleti po Sloveniji<\/a><\/li>\n<\/ul>","protected":false},"excerpt":{"rendered":"<p>Na\u0161a pot se je za\u010dela v \u010dudoviti pokrajini Slovenije, kjer smo za\u010deli kot majhna, strastna skupina vinskih navdu\u0161encev. Z leti smo se razvili v uspe\u0161no podjetje za vinske ture, ki \u0161iri svoja obzorja in deli svojo ljubezen do vina z ne\u0161tetimi posamezniki. Ponosni smo na svoje skromne za\u010detke in rast, ki smo jo dosegli v zadnjih letih, in na to, da smo ... <a href=\"https:\/\/winetoursistria.com\/sl\/o-nas\/\">Nadaljevanje<\/a><\/p>","protected":false},"author":39,"featured_media":479,"parent":0,"menu_order":0,"comment_status":"closed","ping_status":"closed","template":"template-about-us.blade.php","meta":{"_acf_changed":false,"footnotes":""},"class_list":["post-39","page","type-page","status-publish","has-post-thumbnail","hentry"],"acf":{"page_subheading":"Learn about Wine Tours Istria's origins, our enthusiastic team, and the unforgettable wine experiences we offer in the beautiful Istrian peninsula."},"_links":{"self":[{"href":"https:\/\/winetoursistria.com\/sl\/wp-json\/wp\/v2\/pages\/39","targetHints":{"allow":["GET"]}}],"collection":[{"href":"https:\/\/winetoursistria.com\/sl\/wp-json\/wp\/v2\/pages"}],"about":[{"href":"https:\/\/winetoursistria.com\/sl\/wp-json\/wp\/v2\/types\/page"}],"author":[{"embeddable":true,"href":"https:\/\/winetoursistria.com\/sl\/wp-json\/wp\/v2\/users\/39"}],"replies":[{"embeddable":true,"href":"https:\/\/winetoursistria.com\/sl\/wp-json\/wp\/v2\/comments?post=39"}],"version-history":[{"count":7,"href":"https:\/\/winetoursistria.com\/sl\/wp-json\/wp\/v2\/pages\/39\/revisions"}],"predecessor-version":[{"id":3655,"href":"https:\/\/winetoursistria.com\/sl\/wp-json\/wp\/v2\/pages\/39\/revisions\/3655"}],"wp:featuredmedia":[{"embeddable":true,"href":"https:\/\/winetoursistria.com\/sl\/wp-json\/wp\/v2\/media\/479"}],"wp:attachment":[{"href":"https:\/\/winetoursistria.com\/sl\/wp-json\/wp\/v2\/media?parent=39"}],"curies":[{"name":"wp","href":"https:\/\/api.w.org\/{rel}","templated":true}]}}